{"id":30,"date":"2024-04-30T10:18:00","date_gmt":"2024-04-30T16:18:00","guid":{"rendered":"https:\/\/deshitec.com\/?page_id=30"},"modified":"2024-04-30T13:35:49","modified_gmt":"2024-04-30T19:35:49","slug":"aviso-de-privacidad","status":"publish","type":"page","link":"https:\/\/deshitec.com\/en\/aviso-de-privacidad\/","title":{"rendered":"Privacy notice"},"content":{"rendered":"<div data-elementor-type=\"wp-page\" data-elementor-id=\"30\" class=\"elementor elementor-30\" data-elementor-post-type=\"page\">\n\t\t\t\t<div class=\"elementor-element elementor-element-a64ad97 e-flex e-con-boxed e-con e-parent\" data-id=\"a64ad97\" data-element_type=\"container\" data-e-type=\"container\" data-settings=\"{&quot;background_background&quot;:&quot;classic&quot;}\">\n\t\t\t\t\t<div class=\"e-con-inner\">\n\t\t\t\t<div class=\"elementor-element elementor-element-91a545b elementor-widget elementor-widget-heading\" data-id=\"91a545b\" data-element_type=\"widget\" data-e-type=\"widget\" data-widget_type=\"heading.default\">\n\t\t\t\t<div class=\"elementor-widget-container\">\n\t\t\t\t\t<h2 class=\"elementor-heading-title elementor-size-default\">Privacy notice<\/h2>\t\t\t\t<\/div>\n\t\t\t\t<\/div>\n\t\t\t\t<div class=\"elementor-element elementor-element-aab9754 elementor-widget elementor-widget-text-editor\" data-id=\"aab9754\" data-element_type=\"widget\" data-e-type=\"widget\" data-widget_type=\"text-editor.default\">\n\t\t\t\t<div class=\"elementor-widget-container\">\n\t\t\t\t\t\t\t\t\t<p>Con fundamento en los art\u00edculos 15 y 16 de la Ley Federal de Protecci\u00f3n de Datos Personales en Posesi\u00f3n de los Particulares hacemos de su conocimiento que\u00a0<strong><b>DESHITEC S.A. DE C.V.<\/b><\/strong>, con\u00a0<strong><b>R.F.C. DES140114CE8\u00a0<\/b><\/strong>, con domicilio en CARR. QUERETARO BERNAL KM 20.5 URECHO, COLON, QUERETARO, QRO, MEXICO, C.P. 76293 es responsable del tratamiento de sus datos personales.<\/p><p><strong><b>C\u00f3mo contactarnos:<\/b><\/strong>\u00a0www.deshitec.com, v\u00eda telef\u00f3nica o directamente en nuestras oficinas.<\/p><p><strong><b>Oficina de privacidad:<\/b><\/strong>\u00a0Departamento de Protecci\u00f3n de Datos Personales.<\/p><p><strong><b>Domicilio:<\/b><\/strong>\u00a0Carr. Quer\u00e9taro Bernal Km 20.5 Urecho, Col\u00f3n, Quer\u00e9taro, M\u00e9xico, C.P. 76293<\/p><p><strong><b>Correo electr\u00f3nico:<\/b><\/strong>\u00a0victor@deshitec.com<\/p><p><strong><b>Tel\u00e9fono:<\/b><\/strong>\u00a0442 402 6105<\/p><p>Sus datos personales ser\u00e1n utilizados para las siguientes finalidades: proveer los servicios y productos requeridos por usted, evaluar la calidad del servicio, cumplir con obligaciones contractuales generadas por relaciones obrero-patronales, cumplir con obligaciones contractuales comerciales, colocaci\u00f3n de personal y evaluar la calidad del servicio que brindamos.<\/p><p>Para las finalidades se\u00f1aladas en el presente aviso de privacidad, podemos recabar sus datos personales de distintas formas: cuando usted nos los proporciona directamente, cuando visita nuestro sitio de internet o utiliza nuestros servicios en l\u00ednea, y cuando obtenemos informaci\u00f3n a trav\u00e9s de otras fuentes que est\u00e1n permitidas por la ley.<\/p><p>Para las finalidades antes mencionadas, requerimos obtener los siguientes datos personales ya sea parcial o en su totalidad:<\/p><ul><li><b><\/b><strong><b>-Edad<\/b><\/strong><\/li><li><b><\/b><strong><b>-Estado civil<\/b><\/strong><\/li><li><b><\/b><strong><b>-Tel\u00e9fono fijo y\/o celular<\/b><\/strong><\/li><li><b><\/b><strong><b>-Correo electr\u00f3nico<\/b><\/strong><\/li><li><b><\/b><strong><b>-Firma aut\u00f3grafa<\/b><\/strong><\/li><li><b><\/b><strong><b>-Direcci\u00f3n<\/b><\/strong><\/li><li><b><\/b><strong><b>-Nivel de escolaridad<\/b><\/strong><\/li><li><b><\/b><strong><b>-RFC y\/o CURP<\/b><\/strong><\/li><li><b><\/b><strong><b>-Nivel de ingresos<\/b><\/strong><\/li><li><b><\/b><strong><b>-IFE<\/b><\/strong><\/li><li><b><\/b><strong><b>-Si cuenta con cr\u00e9dito INFONAVIT proporcionar el n\u00famero de cr\u00e9dito y n\u00famero de Seguridad Social.<\/b><\/strong><\/li><li><b><\/b><strong><b>-Experiencia laboral.<\/b><\/strong><\/li><li><b><\/b><strong><b>-Constancia de Situaci\u00f3n Fiscal<\/b><\/strong><\/li><li><b><\/b><strong><b>-Acta Constitutiva<\/b><\/strong><\/li><li><b><\/b><strong><b>-opini\u00f3n del cumplimiento emitida por el SAT<\/b><\/strong><\/li><\/ul><p>\u00a0<\/p><p>Usted tiene derecho de acceder a sus datos personales que poseemos y a los detalles del tratamiento de estos, as\u00ed como a rectificarlos en caso de ser inexactos o incompletos: cancelarlos cuando considere que no se requieren para alguna de las finalidades se\u00f1aladas en el presente aviso de privacidad, est\u00e9n siendo utilizados para finalidades no consentidas o haya finalizado la relaci\u00f3n contractual o de servicio, o bien, oponerse al tratamiento de los mismos para fines espec\u00edficos.<\/p><p>Los mecanismos que se han implementado para el ejercicio de dichos derechos son a trav\u00e9s de la presentaci\u00f3n de la solicitud respectiva para lo cual podr\u00e1 ser v\u00eda telef\u00f3nica o por escrito presentado directamente en el domicilio antes se\u00f1alado de contacto, en espec\u00edfico en el Departamento de Protecci\u00f3n de Datos Personales. Su solicitud deber\u00e1 contener y acompa\u00f1ar la siguiente informaci\u00f3n: el nombre del titular y domicilio u otro medio para comunicarle la respuesta a su solicitud, los documentos que acrediten la identidad o, en su caso, la representaci\u00f3n legal del titular, la descripci\u00f3n clara y precisa de los datos personales respecto de los que se busca ejercer alguno de los derechos antes mencionados, y cualquier otro elemento o documento que facilite la localizaci\u00f3n de los datos personales. El plazo para atender su solicitud ser\u00e1 de 3 tres d\u00edas h\u00e1biles posteriores a la solicitud. Para mayor informaci\u00f3n, favor de comunicarse al departamento de privacidad antes mencionado en los datos de contacto o visitar nuestra p\u00e1gina de internet www.deshitec.com a trav\u00e9s del procedimiento anterior, usted tambi\u00e9n podr\u00e1 en todo momento, revocar el consentimiento que nos ha otorgado para el tratamiento de sus datos personales, a fin de que dejemos de hacer uso de los mismos.<\/p><p>Sus datos personales pueden ser transferidos y tratados dentro y fuera del pa\u00eds, por personas distintas a esta empresa. En ese sentido, su informaci\u00f3n puede ser compartida con las empresas para las cuales se presta el servicio de colaborar en la evaluaci\u00f3n de aptitudes y conocimiento profesionales para coadyuvar en la promoci\u00f3n y colocaci\u00f3n de personal a la cual se est\u00e1 prestando nuestros servicios comerciales, y en la cual usted participa de manera voluntaria; as\u00ed mismo, la transferencia interna de datos que se den dentro de nuestra compa\u00f1\u00eda tiene la finalidad de abarcar todas las \u00e1reas donde se requiera dicha informaci\u00f3n como lo es en el \u00e1rea de n\u00f3minas y seguridad social y, en la contrataci\u00f3n de nuestro personal; dado lo anterior se le har\u00e1 saber espec\u00edficamente el destino de dichos datos personales para obtener su consentimiento t\u00e1cito o expreso en el momento en que se lleve a cabo la obtenci\u00f3n directa de sus datos personales.<\/p><p>Nos comprometemos a no transferir su informaci\u00f3n personal a terceros sin su consentimiento, salvo las excepciones previstas en el art\u00edculo 37 de la Ley Federal de Protecci\u00f3n de Datos Personales en Posesi\u00f3n de los Particulares, as\u00ed como a realizar esta transferencia en los t\u00e9rminos que fija esa ley.<\/p><p>Si usted no manifiesta su oposici\u00f3n para que sus datos personales sean transferidos, se entender\u00e1 que ha otorgado su consentimiento para ello.<\/p><p>No consiento que mis datos personales sean transferidos en los t\u00e9rminos que se\u00f1ala el presente aviso de privacidad.<\/p><p>Nos reservamos el derecho de efectuar en cualquier momento modificaciones o actualizaciones al presente aviso de privacidad, para la atenci\u00f3n de novedades legislativas, pol\u00edticas internas o nuevos requerimientos para la prestaci\u00f3n u ofrecimiento de nuestros servicios o productos. Estas modificaciones estar\u00e1n disponibles al p\u00fablico a trav\u00e9s de los siguientes medios: (i) anuncios visibles en nuestros establecimientos o centros de atenci\u00f3n a clientes; (ii) tr\u00edpticos o folletos disponibles en nuestros establecimientos o centros de atenci\u00f3n a clientes; (iii) en nuestra p\u00e1gina de internet www.deshitec.com, en la secci\u00f3n de aviso de privacidad; (iv) o se la haremos llegar al \u00faltimo correo electr\u00f3nico que nos haya proporcionado.<\/p><p>Si usted considera que su derecho de protecci\u00f3n de datos personales ha sido lesionado por alguna conducta de nuestros empleados o de nuestras actuaciones o respuestas, presume que en el tratamiento de sus datos personales existe alguna violaci\u00f3n a las disposiciones previstas en la Ley Federal de Protecci\u00f3n de Datos Personales en Posesi\u00f3n de los Particulares, podr\u00e1 interponer la queja o denuncia correspondiente ante el IFAI, para mayor informaci\u00f3n visite\u00a0www.ifai.org.mx.<\/p>\t\t\t\t\t\t\t\t<\/div>\n\t\t\t\t<\/div>\n\t\t\t\t\t<\/div>\n\t\t\t\t<\/div>\n\t\t\t\t<\/div>","protected":false},"excerpt":{"rendered":"<p>Aviso de privacidad Con fundamento en los art\u00edculos 15 y 16 de la Ley Federal de Protecci\u00f3n de Datos Personales en Posesi\u00f3n de los Particulares hacemos de su conocimiento que\u00a0DESHITEC S.A. DE C.V., con\u00a0R.F.C. DES140114CE8\u00a0, con domicilio en CARR. QUERETARO BERNAL KM 20.5 URECHO, COLON, QUERETARO, QRO, MEXICO, C.P. 76293 es responsable del tratamiento de [&hellip;]<\/p>\n","protected":false},"author":2,"featured_media":0,"parent":0,"menu_order":0,"comment_status":"closed","ping_status":"closed","template":"","meta":{"footnotes":""},"class_list":["post-30","page","type-page","status-publish","hentry"],"_links":{"self":[{"href":"https:\/\/deshitec.com\/en\/wp-json\/wp\/v2\/pages\/30","targetHints":{"allow":["GET"]}}],"collection":[{"href":"https:\/\/deshitec.com\/en\/wp-json\/wp\/v2\/pages"}],"about":[{"href":"https:\/\/deshitec.com\/en\/wp-json\/wp\/v2\/types\/page"}],"author":[{"embeddable":true,"href":"https:\/\/deshitec.com\/en\/wp-json\/wp\/v2\/users\/2"}],"replies":[{"embeddable":true,"href":"https:\/\/deshitec.com\/en\/wp-json\/wp\/v2\/comments?post=30"}],"version-history":[{"count":0,"href":"https:\/\/deshitec.com\/en\/wp-json\/wp\/v2\/pages\/30\/revisions"}],"wp:attachment":[{"href":"https:\/\/deshitec.com\/en\/wp-json\/wp\/v2\/media?parent=30"}],"curies":[{"name":"wp","href":"https:\/\/api.w.org\/{rel}","templated":true}]}}